{"id":18,"date":"2019-10-25T13:52:21","date_gmt":"2019-10-25T11:52:21","guid":{"rendered":"https:\/\/www.keramikartorius.sk\/?page_id=18"},"modified":"2020-03-07T08:18:34","modified_gmt":"2020-03-07T07:18:34","slug":"o-stranke","status":"publish","type":"page","link":"https:\/\/www.keramikartorius.sk\/","title":{"rendered":"O N\u00e1s"},"content":{"rendered":"<p>Srde\u010dne v\u00e1s v\u00edtam na na\u0161ej str\u00e1nke s keramikou. Keramike sa venujem od roku 1995.\u00a0 Odbornos\u0165\u00a0 som z\u00edskal na strednej \u0161kole\u00a0 ako\u00a0\u00a0 keramik\u00a0 v Modre\u00a0 .\u00a0 Po \u0161kole som si s podporou rodiny zariadil dielni\u010dku &#8211; ateli\u00e9r a za\u010dal tvori\u0165. S Bo\u017eou pomocou a ve\u013ea trpezlivosti som pre\u0161iel r\u00f4znymi technikami a\u017e do dne\u0161nej podoby.\u00a0\u00a0 Keramiku\u00a0 to\u010d\u00edm na hrn\u010diarskom kruhu alebo modelujem.. \u00a0 preto s\u00fa origin\u00e1lne..\u00a0 S nov\u00fdmi\u00a0 n\u00e1padmi prich\u00e1dza aj moja rodina\u00a0 za\u010do im \u010fakujem ..\u00a0 \u00a0 \u00a0 \u00a0\u00a0 Ver\u00edm \u017ee si vyberiete\u00a0 s pozdravom Bra\u0148o<\/p>\n","protected":false},"excerpt":{"rendered":"<p>Srde\u010dne v\u00e1s v\u00edtam na na\u0161ej str\u00e1nke s keramikou. Keramike sa venujem od roku 1995.\u00a0 Odbornos\u0165\u00a0 som z\u00edskal na strednej \u0161kole\u00a0 ako\u00a0\u00a0 keramik\u00a0 v Modre\u00a0 .\u00a0 Po \u0161kole som si s podporou rodiny zariadil dielni\u010dku &#8211; ateli\u00e9r a za\u010dal tvori\u0165. S Bo\u017eou pomocou a ve\u013ea trpezlivosti som pre\u0161iel r\u00f4znymi technikami a\u017e do dne\u0161nej podoby.\u00a0\u00a0 Keramiku\u00a0 to\u010d\u00edm [&hellip;]<\/p>\n","protected":false},"author":1,"featured_media":291,"parent":0,"menu_order":0,"comment_status":"closed","ping_status":"closed","template":"","meta":{"footnotes":""},"class_list":["post-18","page","type-page","status-publish","has-post-thumbnail","hentry"],"_links":{"self":[{"href":"https:\/\/www.keramikartorius.sk\/index.php?rest_route=\/wp\/v2\/pages\/18","targetHints":{"allow":["GET"]}}],"collection":[{"href":"https:\/\/www.keramikartorius.sk\/index.php?rest_route=\/wp\/v2\/pages"}],"about":[{"href":"https:\/\/www.keramikartorius.sk\/index.php?rest_route=\/wp\/v2\/types\/page"}],"author":[{"embeddable":true,"href":"https:\/\/www.keramikartorius.sk\/index.php?rest_route=\/wp\/v2\/users\/1"}],"replies":[{"embeddable":true,"href":"https:\/\/www.keramikartorius.sk\/index.php?rest_route=%2Fwp%2Fv2%2Fcomments&post=18"}],"version-history":[{"count":6,"href":"https:\/\/www.keramikartorius.sk\/index.php?rest_route=\/wp\/v2\/pages\/18\/revisions"}],"predecessor-version":[{"id":391,"href":"https:\/\/www.keramikartorius.sk\/index.php?rest_route=\/wp\/v2\/pages\/18\/revisions\/391"}],"wp:featuredmedia":[{"embeddable":true,"href":"https:\/\/www.keramikartorius.sk\/index.php?rest_route=\/wp\/v2\/media\/291"}],"wp:attachment":[{"href":"https:\/\/www.keramikartorius.sk\/index.php?rest_route=%2Fwp%2Fv2%2Fmedia&parent=18"}],"curies":[{"name":"wp","href":"https:\/\/api.w.org\/{rel}","templated":true}]}}